{"id":1371,"date":"2024-11-06T14:38:20","date_gmt":"2024-11-06T13:38:20","guid":{"rendered":"https:\/\/www.momentic.de\/?page_id=1371"},"modified":"2024-11-06T14:55:16","modified_gmt":"2024-11-06T13:55:16","slug":"unsere-partner","status":"publish","type":"page","link":"https:\/\/www.momentic.de\/en\/unsere-partner\/","title":{"rendered":"Our partners"},"content":{"rendered":"\t\t<div data-elementor-type=\"wp-page\" data-elementor-id=\"1371\" class=\"elementor elementor-1371\" data-elementor-post-type=\"page\">\n\t\t\t\t<div class=\"elementor-element elementor-element-5502bda e-flex e-con-boxed e-con e-parent\" data-id=\"5502bda\" data-element_type=\"container\" data-e-type=\"container\">\n\t\t\t\t\t<div class=\"e-con-inner\">\n\t\t\t\t<div class=\"elementor-element elementor-element-2e4501a elementor-pagination-type-bullets elementor-arrows-position-inside elementor-pagination-position-outside elementor-widget elementor-widget-n-carousel\" data-id=\"2e4501a\" data-element_type=\"widget\" data-e-type=\"widget\" data-settings=\"{&quot;carousel_items&quot;:[{&quot;slide_title&quot;:&quot;Slide #2&quot;,&quot;_id&quot;:&quot;3bcaca6&quot;}],&quot;slides_to_show_tablet&quot;:&quot;2&quot;,&quot;slides_to_show_mobile&quot;:&quot;1&quot;,&quot;autoplay&quot;:&quot;yes&quot;,&quot;autoplay_speed&quot;:5000,&quot;pause_on_hover&quot;:&quot;yes&quot;,&quot;pause_on_interaction&quot;:&quot;yes&quot;,&quot;infinite&quot;:&quot;yes&quot;,&quot;speed&quot;:500,&quot;offset_sides&quot;:&quot;none&quot;,&quot;arrows&quot;:&quot;yes&quot;,&quot;pagination&quot;:&quot;bullets&quot;,&quot;image_spacing_custom&quot;:{&quot;unit&quot;:&quot;px&quot;,&quot;size&quot;:10,&quot;sizes&quot;:[]},&quot;image_spacing_custom_tablet&quot;:{&quot;unit&quot;:&quot;px&quot;,&quot;size&quot;:&quot;&quot;,&quot;sizes&quot;:[]},&quot;image_spacing_custom_mobile&quot;:{&quot;unit&quot;:&quot;px&quot;,&quot;size&quot;:&quot;&quot;,&quot;sizes&quot;:[]}}\" data-widget_type=\"nested-carousel.default\">\n\t\t\t\t\t\t\t<div class=\"e-n-carousel swiper\" role=\"region\" aria-roledescription=\"carousel\" aria-label=\"Carousel\" dir=\"ltr\">\n\t\t\t<div class=\"swiper-wrapper\" aria-live=\"off\">\n\t\t\t\t\t\t\t\t\t\t<div class=\"swiper-slide\" data-slide=\"1\" role=\"group\" aria-roledescription=\"slide\" aria-label=\"1 of 1\">\n\t\t\t\t\t\t\t<div class=\"elementor-element elementor-element-64f16e2 e-flex e-con-boxed e-con e-child\" data-id=\"64f16e2\" data-element_type=\"container\" data-e-type=\"container\">\n\t\t\t\t\t<div class=\"e-con-inner\">\n\t\t\t\t<div class=\"elementor-element elementor-element-b8f9d05 elementor-widget elementor-widget-image\" data-id=\"b8f9d05\" data-element_type=\"widget\" data-e-type=\"widget\" data-widget_type=\"image.default\">\n\t\t\t\t\t\t\t\t\t\t\t\t\t\t\t<img fetchpriority=\"high\" decoding=\"async\" width=\"250\" height=\"250\" src=\"https:\/\/www.momentic.de\/wp-content\/uploads\/500x500_Logo-250x250.jpg\" class=\"attachment-thumbnail size-thumbnail wp-image-1373\" alt=\"\" srcset=\"https:\/\/www.momentic.de\/wp-content\/uploads\/500x500_Logo-250x250.jpg 250w, https:\/\/www.momentic.de\/wp-content\/uploads\/500x500_Logo-12x12.jpg 12w, https:\/\/www.momentic.de\/wp-content\/uploads\/500x500_Logo.jpg 500w\" sizes=\"(max-width: 250px) 100vw, 250px\" \/>\t\t\t\t\t\t\t\t\t\t\t\t\t\t\t<\/div>\n\t\t\t\t\t<\/div>\n\t\t\t\t<\/div>\n\t\t\t\t\t\t\t\t<\/div>\n\t\t\t\t\t\t\t\t<\/div>\n\t\t<\/div>\n\t\t\t\t\t\t<\/div>\n\t\t\t\t<div class=\"elementor-element elementor-element-998b077 elementor-widget elementor-widget-heading\" data-id=\"998b077\" data-element_type=\"widget\" data-e-type=\"widget\" data-widget_type=\"heading.default\">\n\t\t\t\t\t<h2 class=\"elementor-heading-title elementor-size-default\">Besonderer Service <br>braucht starke Partner<\/h2>\t\t\t\t<\/div>\n\t\t\t\t<div class=\"elementor-element elementor-element-a01c57d elementor-widget elementor-widget-text-editor\" data-id=\"a01c57d\" data-element_type=\"widget\" data-e-type=\"widget\" data-widget_type=\"text-editor.default\">\n\t\t\t\t\t\t\t\t\t<p>Werden auch Sie zum MOMENTIC-Partner. Dank unserer starken Kooperationspartner profitieren unsere Urlaubsg\u00e4ste von den besonderen Vorteilen, die andere Ferienunterk\u00fcnfte nicht bieten k\u00f6nnen.<\/p><p><strong>Bei uns k\u00f6nnen Sie zum Beispiel Ferienunterk\u00fcnfte mit hochertigen und &#8222;made in germany&#8220;-zertifizierten Wasserfiltern buchen. <\/strong><\/p><p>Genie\u00dfen Sie reinste Wasserqualit\u00e4t in Ihrem Urlaub &#8211; Frei von Schadstoffen und Keimen. Ideal f\u00fcr alle, die auch im Urlaub nicht auf die beste Wasserqualit\u00e4t verzichten m\u00f6chten. Oder f\u00fcr die, die einfach mal einen Wasserfilter testen m\u00f6chten.<\/p><p>Mehr Informationen dazu finden Sie auch auf <a href=\"https:\/\/www.aquasafe.de\/\" target=\"_blank\" rel=\"noopener\">aquasafe.de<\/a><\/p><p><strong>Wollen auch Sie zu unserem Kooperationspartner werden? <\/strong><\/p><p>Sprechen Sie uns gerne an. Wir freuen uns auf Sie.<\/p>\t\t\t\t\t\t\t\t<\/div>\n\t\t\t\t\t<\/div>\n\t\t\t\t<\/div>\n\t\t\t\t<\/div>\n\t\t","protected":false},"excerpt":{"rendered":"<p>Besonderer Service braucht starke Partner Werden auch Sie zum MOMENTIC-Partner. Dank unserer starken Kooperationspartner profitieren unsere Urlaubsg\u00e4ste von den besonderen Vorteilen, die andere Ferienunterk\u00fcnfte nicht bieten k\u00f6nnen. Bei uns k\u00f6nnen Sie zum Beispiel Ferienunterk\u00fcnfte mit hochertigen und &#8222;made in germany&#8220;-zertifizierten Wasserfiltern buchen. Genie\u00dfen Sie reinste Wasserqualit\u00e4t in Ihrem Urlaub &#8211; Frei von Schadstoffen und Keimen. [&hellip;]<\/p>\n","protected":false},"author":2,"featured_media":0,"parent":0,"menu_order":0,"comment_status":"closed","ping_status":"closed","template":"","meta":{"footnotes":""},"class_list":["post-1371","page","type-page","status-publish","hentry"],"_links":{"self":[{"href":"https:\/\/www.momentic.de\/en\/wp-json\/wp\/v2\/pages\/1371","targetHints":{"allow":["GET"]}}],"collection":[{"href":"https:\/\/www.momentic.de\/en\/wp-json\/wp\/v2\/pages"}],"about":[{"href":"https:\/\/www.momentic.de\/en\/wp-json\/wp\/v2\/types\/page"}],"author":[{"embeddable":true,"href":"https:\/\/www.momentic.de\/en\/wp-json\/wp\/v2\/users\/2"}],"replies":[{"embeddable":true,"href":"https:\/\/www.momentic.de\/en\/wp-json\/wp\/v2\/comments?post=1371"}],"version-history":[{"count":0,"href":"https:\/\/www.momentic.de\/en\/wp-json\/wp\/v2\/pages\/1371\/revisions"}],"wp:attachment":[{"href":"https:\/\/www.momentic.de\/en\/wp-json\/wp\/v2\/media?parent=1371"}],"curies":[{"name":"wp","href":"https:\/\/api.w.org\/{rel}","templated":true}]}}